{"id":41,"date":"2023-12-30T14:06:15","date_gmt":"2023-12-30T14:06:15","guid":{"rendered":"https:\/\/kinetic-reactor.vn\/?post_type=product&#038;p=41"},"modified":"2025-02-04T13:10:50","modified_gmt":"2025-02-04T13:10:50","slug":"uvinneco","status":"publish","type":"product","link":"https:\/\/kinetic-reactor.vn\/vi\/san-pham\/uvinneco\/","title":{"rendered":"UVINNECO"},"content":{"rendered":"<p>Uvinneco l\u00e0 m\u1ed9t s\u1ea3n ph\u1ea9m mang t\u00ednh \u0111\u1ed9t ph\u00e1 \u0111\u01b0\u1ee3c s\u1eed d\u1ee5ng \u0111\u1ec3 l\u00e0m s\u1ea1ch n\u01b0\u1edbc. S\u1ea3n ph\u1ea9m n\u00e0y t\u00edch h\u1ee3p hai c\u00f4ng ngh\u1ec7 - ti\u1ec7t tr\u00f9ng n\u01b0\u1edbc b\u1eb1ng tia UVC v\u00e0 UVA v\u00e0 l\u1ecdc n\u01b0\u1edbc b\u1eb1ng C\u00f4ng ngh\u1ec7 th\u1ee7y kh\u00ed v\u1edbi Kinetic Reactor. S\u1ea3n ph\u1ea9m \u0111\u01b0\u1ee3c trang b\u1ecb m\u1ed9t kh\u1edbp quay cho ph\u00e9p b\u1ea1n d\u1ec5 d\u00e0ng \u0111i\u1ec1u ch\u1ec9nh d\u00f2ng n\u01b0\u1edbc theo h\u01b0\u1edbng mong mu\u1ed1n. Vi\u1ec7c l\u1eafp \u0111\u1eb7t r\u1ea5t \u0111\u01a1n gi\u1ea3n v\u00e0 d\u1ec5 d\u00e0ng, ch\u1ec9 m\u1ea5t ch\u01b0a \u0111\u1ebfn 5 ph\u00fat. Ch\u1ec9 c\u1ea7n th\u00e1o \u0111\u1ea7u v\u00f2i c\u0169 v\u00e0 l\u1eafp \u0111\u1eb7t UVINNECO v\u00e0o v\u1ecb tr\u00ed \u0111\u1ea7u v\u00f2i c\u0169.<\/p>","protected":false},"excerpt":{"rendered":"<p>Uvinneco l\u00e0 m\u1ed9t s\u1ea3n ph\u1ea9m mang t\u00ednh \u0111\u1ed9t ph\u00e1 \u0111\u01b0\u1ee3c s\u1eed d\u1ee5ng \u0111\u1ec3 l\u00e0m s\u1ea1ch n\u01b0\u1edbc. S\u1ea3n ph\u1ea9m n\u00e0y t\u00edch h\u1ee3p hai c\u00f4ng ngh\u1ec7 - ti\u1ec7t tr\u00f9ng n\u01b0\u1edbc b\u1eb1ng tia UVC v\u00e0 UVA v\u00e0 l\u1ecdc n\u01b0\u1edbc b\u1eb1ng C\u00f4ng ngh\u1ec7 th\u1ee7y kh\u00ed v\u1edbi Kinetic Reactor. S\u1ea3n ph\u1ea9m \u0111\u01b0\u1ee3c trang b\u1ecb m\u1ed9t kh\u1edbp quay cho ph\u00e9p b\u1ea1n d\u1ec5 d\u00e0ng \u0111i\u1ec1u ch\u1ec9nh d\u00f2ng n\u01b0\u1edbc theo h\u01b0\u1edbng mong mu\u1ed1n. Vi\u1ec7c l\u1eafp \u0111\u1eb7t r\u1ea5t \u0111\u01a1n gi\u1ea3n v\u00e0 d\u1ec5 d\u00e0ng, ch\u1ec9 m\u1ea5t ch\u01b0a \u0111\u1ebfn 5 ph\u00fat. Ch\u1ec9 c\u1ea7n th\u00e1o \u0111\u1ea7u v\u00f2i c\u0169 v\u00e0 l\u1eafp \u0111\u1eb7t UVINNECO v\u00e0o v\u1ecb tr\u00ed \u0111\u1ea7u v\u00f2i c\u0169.<\/p>","protected":false},"featured_media":83,"comment_status":"open","ping_status":"closed","template":"","meta":[],"product_brand":[],"product_cat":[18],"product_tag":[19],"class_list":{"0":"post-41","1":"product","2":"type-product","3":"status-publish","4":"has-post-thumbnail","6":"product_cat-uvinneco","7":"product_tag-uvinneco","9":"first","10":"instock","11":"shipping-taxable","12":"purchasable","13":"product-type-simple"},"_links":{"self":[{"href":"https:\/\/kinetic-reactor.vn\/vi\/wp-json\/wp\/v2\/product\/41","targetHints":{"allow":["GET"]}}],"collection":[{"href":"https:\/\/kinetic-reactor.vn\/vi\/wp-json\/wp\/v2\/product"}],"about":[{"href":"https:\/\/kinetic-reactor.vn\/vi\/wp-json\/wp\/v2\/types\/product"}],"replies":[{"embeddable":true,"href":"https:\/\/kinetic-reactor.vn\/vi\/wp-json\/wp\/v2\/comments?post=41"}],"wp:featuredmedia":[{"embeddable":true,"href":"https:\/\/kinetic-reactor.vn\/vi\/wp-json\/wp\/v2\/media\/83"}],"wp:attachment":[{"href":"https:\/\/kinetic-reactor.vn\/vi\/wp-json\/wp\/v2\/media?parent=41"}],"wp:term":[{"taxonomy":"product_brand","embeddable":true,"href":"https:\/\/kinetic-reactor.vn\/vi\/wp-json\/wp\/v2\/product_brand?post=41"},{"taxonomy":"product_cat","embeddable":true,"href":"https:\/\/kinetic-reactor.vn\/vi\/wp-json\/wp\/v2\/product_cat?post=41"},{"taxonomy":"product_tag","embeddable":true,"href":"https:\/\/kinetic-reactor.vn\/vi\/wp-json\/wp\/v2\/product_tag?post=41"}],"curies":[{"name":"wp","href":"https:\/\/api.w.org\/{rel}","templated":true}]}}