{"id":119,"date":"2024-04-22T12:26:43","date_gmt":"2024-04-22T12:26:43","guid":{"rendered":"https:\/\/kinetic-reactor.vn\/?post_type=product&#038;p=119"},"modified":"2024-12-31T06:59:13","modified_gmt":"2024-12-31T06:59:13","slug":"kinetic-reactor","status":"publish","type":"product","link":"https:\/\/kinetic-reactor.vn\/vi\/san-pham\/kinetic-reactor\/","title":{"rendered":"L\u00f5i Kinetic Reactor"},"content":{"rendered":"<p>L\u00f5i KINETIC REACTOR l\u1eafp tr\u00ean v\u00f2i n\u01b0\u1edbc c\u00f3 c\u00f4ng d\u1ee5ng h\u1ea1n ch\u1ebf s\u1ef1 t\u00edch t\u1ee5 c\u1ee7a c\u1eb7n canxi, trung h\u00f2a c\u00e1c ch\u1ea5t v\u00f4 c\u01a1 kh\u00f4ng mong mu\u1ed1n (v\u00ed d\u1ee5 nh\u01b0 kim lo\u1ea1i n\u1eb7ng) v\u00e0 l\u00e0m ph\u00e2n h\u1ee7y c\u00e1c ch\u1ea5t h\u1eefu c\u01a1 (v\u00ed d\u1ee5 nh\u01b0 c\u00e1c ph\u00e2n t\u1eed h\u1eefu c\u01a1 ph\u1ee9c t\u1ea1p) trong n\u01b0\u1edbc u\u1ed1ng. Ch\u00ednh nh\u1edd s\u1ef1 oxy h\u00f3a m\u1ea1nh m\u1ebd c\u1ee7a c\u00e1c nguy\u00ean t\u1ed1 h\u1eefu c\u01a1 v\u00e0 v\u00f4 c\u01a1 trong n\u01b0\u1edbc \u0111\u01b0\u1ee3c k\u00edch ho\u1ea1t b\u1edfi l\u00f5i Kinetic Reactor l\u00e0m cho h\u01b0\u01a1ng v\u1ecb v\u00e0 m\u00f9i c\u1ee7a n\u01b0\u1edbc \u0111\u01b0\u1ee3c c\u1ea3i thi\u1ec7n ngay l\u1eadp t\u1ee9c. \n<br><br>\nC\u00f4ng ngh\u1ec7 th\u1ee7y kh\u00ed Kinetic \u0111\u00e3 \u0111\u01b0\u1ee3c \u1ee9ng d\u1ee5ng trong ng\u00e0nh c\u00f4ng nghi\u1ec7p v\u00e0 y t\u1ebf \u0111\u1ec3 gi\u1ea3m s\u1ef1 t\u00edch t\u1ee5 c\u1eb7n canxi m\u1ed9t c\u00e1ch t\u1ef1 nhi\u00ean m\u00e0 kh\u00f4ng c\u1ea7n th\u00eam h\u00f3a ch\u1ea5t v\u00e0 gi\u00fap n\u01b0\u1edbc s\u1ea1ch h\u01a1n. Nhi\u1ec1u ng\u01b0\u1eddi d\u00f9ng tr\u00ean kh\u1eafp th\u1ebf gi\u1edbi r\u1ea5t h\u00e0i l\u00f2ng v\u1edbi k\u1ebft qu\u1ea3 m\u00e0 s\u1ea3n ph\u1ea9m Kinetic Reactor mang l\u1ea1i. \n<br><br>\nV\u1edbi c\u00f4ng ngh\u1ec7 th\u1ee7y kh\u00ed Kinetic, c\u1eb7n canxi \u0111\u01b0\u1ee3c chuy\u1ec3n \u0111\u1ed5i th\u00e0nh aragonit ch\u1ee9 kh\u00f4ng ph\u1ea3i d\u1ea1ng canxi nh\u01b0 tr\u01b0\u1edbc. Nhi\u1ec1u th\u1eed nghi\u1ec7m \u0111\u00e3 x\u00e1c nh\u1eadn r\u1eb1ng L\u00f5i Kinetic Reactor t\u1ea1o ra 100% aragonite (l\u00e0 lo\u1ea1i canxi d\u1ec5 ph\u00e2n h\u1ee7y, t\u1ed1t cho s\u1ee9c kh\u1ecfe v\u00e0 m\u00f4i tr\u01b0\u1eddng). \u0110i\u1ec1u n\u00e0y \u0111\u00e3 \u0111\u01b0\u1ee3c ch\u1ee9ng minh qua h\u00e0ng lo\u1ea1t th\u1eed nghi\u1ec7m t\u1ea1i c\u00e1c Vi\u1ec7n nghi\u00ean c\u1ee9u \u1edf nhi\u1ec1u qu\u1ed1c gia tr\u00ean th\u1ebf gi\u1edbi. C\u00f4ng ngh\u1ec7 Kinetic gi\u1ea3m s\u1ef1 t\u00edch t\u1ee5 c\u1eb7n canxi, do \u0111\u00f3 gi\u00fap b\u1ea3o v\u1ec7 c\u00e1c thi\u1ebft b\u1ecb trong gia \u0111\u00ecnh nh\u01b0 v\u00f2i n\u01b0\u1edbc, b\u1ed3n r\u1eeda ch\u00e9n, m\u00e1y pha c\u00e0 ph\u00ea, \u1ea5m \u0111un n\u01b0\u1edbc, ly t\u00e1ch v.v. \n<br><br>\nL\u00f5i Kinetic Reactor c\u00f3 b\u1ed9 \u0111i\u1ec1u ch\u1ec9nh d\u00f2ng ch\u1ea3y t\u00edch h\u1ee3p n\u00ean lu\u00f4n hi\u1ec7u ch\u1ec9nh l\u01b0\u1ee3ng n\u01b0\u1edbc ch\u1ea3y l\u00e0 4 l\u00edt\/ph\u00fat b\u1ea5t k\u1ec3 \u00e1p l\u1ef1c n\u01b0\u1edbc th\u1ef1c t\u1ebf trong h\u1ec7 th\u1ed1ng. Do \u0111\u00f3, ti\u1ebft ki\u1ec7m n\u01b0\u1edbc tr\u00ean v\u00f2i t\u1ed1i thi\u1ec3u l\u00e0 50%.<\/p>","protected":false},"excerpt":{"rendered":"<p>L\u00f5i KINETIC REACTOR l\u1eafp tr\u00ean v\u00f2i n\u01b0\u1edbc c\u00f3 c\u00f4ng d\u1ee5ng h\u1ea1n ch\u1ebf s\u1ef1 t\u00edch t\u1ee5 c\u1ee7a c\u1eb7n canxi, trung h\u00f2a c\u00e1c ch\u1ea5t v\u00f4 c\u01a1 kh\u00f4ng mong mu\u1ed1n (v\u00ed d\u1ee5 nh\u01b0 kim lo\u1ea1i n\u1eb7ng) v\u00e0 l\u00e0m ph\u00e2n h\u1ee7y c\u00e1c ch\u1ea5t h\u1eefu c\u01a1 (v\u00ed d\u1ee5 nh\u01b0 c\u00e1c ph\u00e2n t\u1eed h\u1eefu c\u01a1 ph\u1ee9c t\u1ea1p) trong n\u01b0\u1edbc u\u1ed1ng. Ch\u00ednh nh\u1edd s\u1ef1 oxy h\u00f3a m\u1ea1nh m\u1ebd c\u1ee7a c\u00e1c nguy\u00ean t\u1ed1 h\u1eefu c\u01a1 v\u00e0 v\u00f4 c\u01a1 trong n\u01b0\u1edbc \u0111\u01b0\u1ee3c k\u00edch ho\u1ea1t b\u1edfi l\u00f5i Kinetic Reactor l\u00e0m cho h\u01b0\u01a1ng v\u1ecb v\u00e0 m\u00f9i c\u1ee7a n\u01b0\u1edbc \u0111\u01b0\u1ee3c c\u1ea3i thi\u1ec7n ngay l\u1eadp t\u1ee9c. \n<br><br>\nC\u00f4ng ngh\u1ec7 th\u1ee7y kh\u00ed Kinetic \u0111\u00e3 \u0111\u01b0\u1ee3c \u1ee9ng d\u1ee5ng trong ng\u00e0nh c\u00f4ng nghi\u1ec7p v\u00e0 y t\u1ebf \u0111\u1ec3 gi\u1ea3m s\u1ef1 t\u00edch t\u1ee5 c\u1eb7n canxi m\u1ed9t c\u00e1ch t\u1ef1 nhi\u00ean m\u00e0 kh\u00f4ng c\u1ea7n th\u00eam h\u00f3a ch\u1ea5t v\u00e0 gi\u00fap n\u01b0\u1edbc s\u1ea1ch h\u01a1n. Nhi\u1ec1u ng\u01b0\u1eddi d\u00f9ng tr\u00ean kh\u1eafp th\u1ebf gi\u1edbi r\u1ea5t h\u00e0i l\u00f2ng v\u1edbi k\u1ebft qu\u1ea3 m\u00e0 s\u1ea3n ph\u1ea9m Kinetic Reactor mang l\u1ea1i. \n<br><br>\nV\u1edbi c\u00f4ng ngh\u1ec7 th\u1ee7y kh\u00ed Kinetic, c\u1eb7n canxi \u0111\u01b0\u1ee3c chuy\u1ec3n \u0111\u1ed5i th\u00e0nh aragonit ch\u1ee9 kh\u00f4ng ph\u1ea3i d\u1ea1ng canxi nh\u01b0 tr\u01b0\u1edbc. Nhi\u1ec1u th\u1eed nghi\u1ec7m \u0111\u00e3 x\u00e1c nh\u1eadn r\u1eb1ng L\u00f5i Kinetic Reactor t\u1ea1o ra 100% aragonite (l\u00e0 lo\u1ea1i canxi d\u1ec5 ph\u00e2n h\u1ee7y, t\u1ed1t cho s\u1ee9c kh\u1ecfe v\u00e0 m\u00f4i tr\u01b0\u1eddng). \u0110i\u1ec1u n\u00e0y \u0111\u00e3 \u0111\u01b0\u1ee3c ch\u1ee9ng minh qua h\u00e0ng lo\u1ea1t th\u1eed nghi\u1ec7m t\u1ea1i c\u00e1c Vi\u1ec7n nghi\u00ean c\u1ee9u \u1edf nhi\u1ec1u qu\u1ed1c gia tr\u00ean th\u1ebf gi\u1edbi. C\u00f4ng ngh\u1ec7 Kinetic gi\u1ea3m s\u1ef1 t\u00edch t\u1ee5 c\u1eb7n canxi, do \u0111\u00f3 gi\u00fap b\u1ea3o v\u1ec7 c\u00e1c thi\u1ebft b\u1ecb trong gia \u0111\u00ecnh nh\u01b0 v\u00f2i n\u01b0\u1edbc, b\u1ed3n r\u1eeda ch\u00e9n, m\u00e1y pha c\u00e0 ph\u00ea, \u1ea5m \u0111un n\u01b0\u1edbc, ly t\u00e1ch v.v. \n<br><br>\nL\u00f5i Kinetic Reactor c\u00f3 b\u1ed9 \u0111i\u1ec1u ch\u1ec9nh d\u00f2ng ch\u1ea3y t\u00edch h\u1ee3p n\u00ean lu\u00f4n hi\u1ec7u ch\u1ec9nh l\u01b0\u1ee3ng n\u01b0\u1edbc ch\u1ea3y l\u00e0 4 l\u00edt\/ph\u00fat b\u1ea5t k\u1ec3 \u00e1p l\u1ef1c n\u01b0\u1edbc th\u1ef1c t\u1ebf trong h\u1ec7 th\u1ed1ng. Do \u0111\u00f3, ti\u1ebft ki\u1ec7m n\u01b0\u1edbc tr\u00ean v\u00f2i t\u1ed1i thi\u1ec3u l\u00e0 50%.<\/p>","protected":false},"featured_media":208,"comment_status":"open","ping_status":"closed","template":"","meta":[],"product_brand":[],"product_cat":[21],"product_tag":[19],"class_list":{"0":"post-119","1":"product","2":"type-product","3":"status-publish","4":"has-post-thumbnail","6":"product_cat-kinetic-reactor","7":"product_tag-uvinneco","9":"first","10":"instock","11":"shipping-taxable","12":"purchasable","13":"product-type-simple"},"_links":{"self":[{"href":"https:\/\/kinetic-reactor.vn\/vi\/wp-json\/wp\/v2\/product\/119","targetHints":{"allow":["GET"]}}],"collection":[{"href":"https:\/\/kinetic-reactor.vn\/vi\/wp-json\/wp\/v2\/product"}],"about":[{"href":"https:\/\/kinetic-reactor.vn\/vi\/wp-json\/wp\/v2\/types\/product"}],"replies":[{"embeddable":true,"href":"https:\/\/kinetic-reactor.vn\/vi\/wp-json\/wp\/v2\/comments?post=119"}],"wp:featuredmedia":[{"embeddable":true,"href":"https:\/\/kinetic-reactor.vn\/vi\/wp-json\/wp\/v2\/media\/208"}],"wp:attachment":[{"href":"https:\/\/kinetic-reactor.vn\/vi\/wp-json\/wp\/v2\/media?parent=119"}],"wp:term":[{"taxonomy":"product_brand","embeddable":true,"href":"https:\/\/kinetic-reactor.vn\/vi\/wp-json\/wp\/v2\/product_brand?post=119"},{"taxonomy":"product_cat","embeddable":true,"href":"https:\/\/kinetic-reactor.vn\/vi\/wp-json\/wp\/v2\/product_cat?post=119"},{"taxonomy":"product_tag","embeddable":true,"href":"https:\/\/kinetic-reactor.vn\/vi\/wp-json\/wp\/v2\/product_tag?post=119"}],"curies":[{"name":"wp","href":"https:\/\/api.w.org\/{rel}","templated":true}]}}