{"id":109,"date":"2024-04-11T15:16:46","date_gmt":"2024-04-11T15:16:46","guid":{"rendered":"https:\/\/kinetic-reactor.vn\/?post_type=product&#038;p=109"},"modified":"2024-07-04T16:33:47","modified_gmt":"2024-07-04T16:33:47","slug":"kinetic-shower","status":"publish","type":"product","link":"https:\/\/kinetic-reactor.vn\/vi\/san-pham\/kinetic-shower\/","title":{"rendered":"V\u00f2i sen Kinetic"},"content":{"rendered":"<p>V\u00f2i sen Kinetic Reactor s\u1eed d\u1ee5ng C\u00f4ng ngh\u1ec7 l\u1ecdc n\u01b0\u1edbc chuy\u00ean nghi\u1ec7p, kh\u00f4ng ch\u1ec9 l\u1ecdc sach n\u01b0\u1edbc m\u00e0 l\u00e0n n\u01b0\u1edbc n\u00e0y c\u00f2n r\u1ea5t t\u1ed1t cho da v\u00e0 t\u00f3c. V\u00f2i sen Kinetic Reactor l\u00e0 s\u1ea3n ph\u1ea9m t\u00edch h\u1ee3p c\u00f4ng ngh\u1ec7 l\u00e0m s\u1ea1ch n\u01b0\u1edbc m\u1ed9t c\u00e1ch t\u1ef1 nhi\u00ean. S\u1eed d\u1ee5ng n\u01b0\u1edbc \u0111\u00e3 l\u1ecdc t\u1eeb v\u00f2i sen Kinetic Reactor \u0111\u1ec3 t\u1eafm c\u00f3 t\u00e1c d\u1ee5ng r\u1ea5t t\u1ed1t \u0111\u1ed1i v\u1edbi da tr\u00ean to\u00e0n c\u01a1 th\u1ec3, \u0111\u1eb7c bi\u1ec7t l\u00e0 da \u0111\u1ea7u. Da tr\u1edf n\u00ean \u1ea9m m\u01b0\u1ee3t v\u00e0 m\u1ec1m m\u1ea1i h\u01a1n. T\u1eafm v\u1edbi n\u01b0\u1edbc th\u01b0\u1eddng c\u00f3 th\u1ec3 g\u00e2y kh\u00f3 ch\u1ecbu ho\u1eb7c th\u1eadm ch\u00ed c\u00f3 h\u1ea1i cho da, nh\u01b0ng v\u1edbi v\u00f2i sen Kinetic, l\u00e0n da c\u1ee7a b\u1ea1n s\u1ebd \u0111\u01b0\u1ee3c b\u1ea3o v\u1ec7 v\u00e0 ch\u0103m s\u00f3c t\u1ed1t h\u01a1n.<\/p>","protected":false},"excerpt":{"rendered":"<p>V\u00f2i sen Kinetic Reactor s\u1eed d\u1ee5ng C\u00f4ng ngh\u1ec7 l\u1ecdc n\u01b0\u1edbc chuy\u00ean nghi\u1ec7p, kh\u00f4ng ch\u1ec9 l\u1ecdc sach n\u01b0\u1edbc m\u00e0 l\u00e0n n\u01b0\u1edbc n\u00e0y c\u00f2n r\u1ea5t t\u1ed1t cho da v\u00e0 t\u00f3c. V\u00f2i sen Kinetic Reactor l\u00e0 s\u1ea3n ph\u1ea9m t\u00edch h\u1ee3p c\u00f4ng ngh\u1ec7 l\u00e0m s\u1ea1ch n\u01b0\u1edbc m\u1ed9t c\u00e1ch t\u1ef1 nhi\u00ean. S\u1eed d\u1ee5ng n\u01b0\u1edbc \u0111\u00e3 l\u1ecdc t\u1eeb v\u00f2i sen Kinetic Reactor \u0111\u1ec3 t\u1eafm c\u00f3 t\u00e1c d\u1ee5ng r\u1ea5t t\u1ed1t \u0111\u1ed1i v\u1edbi da tr\u00ean to\u00e0n c\u01a1 th\u1ec3, \u0111\u1eb7c bi\u1ec7t l\u00e0 da \u0111\u1ea7u. Da tr\u1edf n\u00ean \u1ea9m m\u01b0\u1ee3t v\u00e0 m\u1ec1m m\u1ea1i h\u01a1n. T\u1eafm v\u1edbi n\u01b0\u1edbc th\u01b0\u1eddng c\u00f3 th\u1ec3 g\u00e2y kh\u00f3 ch\u1ecbu ho\u1eb7c th\u1eadm ch\u00ed c\u00f3 h\u1ea1i cho da, nh\u01b0ng v\u1edbi v\u00f2i sen Kinetic, l\u00e0n da c\u1ee7a b\u1ea1n s\u1ebd \u0111\u01b0\u1ee3c b\u1ea3o v\u1ec7 v\u00e0 ch\u0103m s\u00f3c t\u1ed1t h\u01a1n.<\/p>","protected":false},"featured_media":90,"comment_status":"open","ping_status":"closed","template":"","meta":[],"product_brand":[],"product_cat":[20],"product_tag":[19],"class_list":{"0":"post-109","1":"product","2":"type-product","3":"status-publish","4":"has-post-thumbnail","6":"product_cat-kinetic-shower","7":"product_tag-uvinneco","9":"first","10":"instock","11":"shipping-taxable","12":"purchasable","13":"product-type-simple"},"_links":{"self":[{"href":"https:\/\/kinetic-reactor.vn\/vi\/wp-json\/wp\/v2\/product\/109","targetHints":{"allow":["GET"]}}],"collection":[{"href":"https:\/\/kinetic-reactor.vn\/vi\/wp-json\/wp\/v2\/product"}],"about":[{"href":"https:\/\/kinetic-reactor.vn\/vi\/wp-json\/wp\/v2\/types\/product"}],"replies":[{"embeddable":true,"href":"https:\/\/kinetic-reactor.vn\/vi\/wp-json\/wp\/v2\/comments?post=109"}],"wp:featuredmedia":[{"embeddable":true,"href":"https:\/\/kinetic-reactor.vn\/vi\/wp-json\/wp\/v2\/media\/90"}],"wp:attachment":[{"href":"https:\/\/kinetic-reactor.vn\/vi\/wp-json\/wp\/v2\/media?parent=109"}],"wp:term":[{"taxonomy":"product_brand","embeddable":true,"href":"https:\/\/kinetic-reactor.vn\/vi\/wp-json\/wp\/v2\/product_brand?post=109"},{"taxonomy":"product_cat","embeddable":true,"href":"https:\/\/kinetic-reactor.vn\/vi\/wp-json\/wp\/v2\/product_cat?post=109"},{"taxonomy":"product_tag","embeddable":true,"href":"https:\/\/kinetic-reactor.vn\/vi\/wp-json\/wp\/v2\/product_tag?post=109"}],"curies":[{"name":"wp","href":"https:\/\/api.w.org\/{rel}","templated":true}]}}