{"id":198,"date":"2024-06-01T03:08:22","date_gmt":"2024-06-01T03:08:22","guid":{"rendered":"https:\/\/kinetic-reactor.vn\/?page_id=198"},"modified":"2024-06-01T03:08:24","modified_gmt":"2024-06-01T03:08:24","slug":"phan-dinh-trach-nhiem-cua-thuong-nhan-to-chuc-cung-ung-dich-vu-logistics-ve-cung-cap-chung-tu-hang-hoa-trong-qua-trinh-giao-nhan","status":"publish","type":"page","link":"https:\/\/kinetic-reactor.vn\/vi\/phan-dinh-trach-nhiem-cua-thuong-nhan-to-chuc-cung-ung-dich-vu-logistics-ve-cung-cap-chung-tu-hang-hoa-trong-qua-trinh-giao-nhan\/","title":{"rendered":"Ph\u00e2n \u0111\u1ecbnh tr\u00e1ch nhi\u1ec7m c\u1ee7a th\u01b0\u01a1ng nh\u00e2n, t\u1ed5 ch\u1ee9c cung \u1ee9ng d\u1ecbch v\u1ee5 logistics v\u1ec1 cung c\u1ea5p ch\u1ee9ng t\u1eeb h\u00e0ng h\u00f3a trong qu\u00e1 tr\u00ecnh giao nh\u1eadn"},"content":{"rendered":"","protected":false},"excerpt":{"rendered":"","protected":false},"author":1,"featured_media":0,"parent":0,"menu_order":0,"comment_status":"closed","ping_status":"closed","template":"","meta":{"footnotes":""},"class_list":["post-198","page","type-page","status-publish","hentry"],"_links":{"self":[{"href":"https:\/\/kinetic-reactor.vn\/vi\/wp-json\/wp\/v2\/pages\/198","targetHints":{"allow":["GET"]}}],"collection":[{"href":"https:\/\/kinetic-reactor.vn\/vi\/wp-json\/wp\/v2\/pages"}],"about":[{"href":"https:\/\/kinetic-reactor.vn\/vi\/wp-json\/wp\/v2\/types\/page"}],"author":[{"embeddable":true,"href":"https:\/\/kinetic-reactor.vn\/vi\/wp-json\/wp\/v2\/users\/1"}],"replies":[{"embeddable":true,"href":"https:\/\/kinetic-reactor.vn\/vi\/wp-json\/wp\/v2\/comments?post=198"}],"version-history":[{"count":1,"href":"https:\/\/kinetic-reactor.vn\/vi\/wp-json\/wp\/v2\/pages\/198\/revisions"}],"predecessor-version":[{"id":199,"href":"https:\/\/kinetic-reactor.vn\/vi\/wp-json\/wp\/v2\/pages\/198\/revisions\/199"}],"wp:attachment":[{"href":"https:\/\/kinetic-reactor.vn\/vi\/wp-json\/wp\/v2\/media?parent=198"}],"curies":[{"name":"wp","href":"https:\/\/api.w.org\/{rel}","templated":true}]}}